{"id":13212,"date":"2021-05-19T18:29:37","date_gmt":"2021-05-19T16:29:37","guid":{"rendered":"https:\/\/www.berlucchi.it\/infografica-metodo-franciacorta\/"},"modified":"2021-06-14T12:07:13","modified_gmt":"2021-06-14T10:07:13","slug":"the-franciacorta-method","status":"publish","type":"page","link":"https:\/\/www.berlucchi.it\/en\/the-franciacorta-method\/","title":{"rendered":"THE FRANCIACORTA METHOD"},"content":{"rendered":"<p><img decoding=\"async\" class=\"alignnone img-fluid size-medium wp-image-1663\" src=\"https:\/\/www.berlucchi.it\/wp-content\/uploads\/2021\/05\/Ico_Flusso_Generale.svg\" alt=\"\" \/><\/p>\n<h3 class=\"mt-36 h17 mb-16\">AGEING*<\/h3>\n<p><img decoding=\"async\" class=\"alignnone size-full wp-image-1694 mb-n24\" src=\"https:\/\/www.berlucchi.it\/wp-content\/uploads\/2021\/06\/Ico_Metodo_Affinamento.svg\" alt=\"\" \/><\/p>\n<h3 class=\"h10\">MINIMUM 18 MONTHS<\/h3>\n<p>Franciacorta<\/p>\n<h3 class=\"h10 mt-24\">MINIMUM 24 MONTHS<\/h3>\n<p>Franciacorta Ros\u00e9,<br \/>\nFranciacorta Sat\u00e8n<\/p>\n<h3 class=\"h10 mt-24\">MINIMUM 30 MONTHS<\/h3>\n<p>Franciacorta millesimato,<br \/>\nRos\u00e9 millesimato,<br \/>\nSat\u00e8n millesimanto<\/p>\n<h3 class=\"h10 mt-24\">MINIMUM 60 MONTHS<\/h3>\n<p>Franciacorta riserva,<br \/>\nRos\u00e9 riserva,<br \/>\nSat\u00e8n riserva<\/p>\n","protected":false},"excerpt":{"rendered":"<p>AGEING* MINIMUM 18 MONTHS Franciacorta MINIMUM 24 MONTHS Franciacorta Ros\u00e9, Franciacorta Sat\u00e8n MINIMUM 30 MONTHS Franciacorta millesimato, Ros\u00e9 millesimato, Sat\u00e8n millesimanto MINIMUM 60 MONTHS Franciacorta riserva, Ros\u00e9 riserva, Sat\u00e8n riserva<\/p>\n","protected":false},"author":2,"featured_media":0,"parent":0,"menu_order":0,"comment_status":"closed","ping_status":"closed","template":"","meta":{"footnotes":""},"acf":[],"yoast_head":"<!-- This site is optimized with the Yoast SEO plugin v21.6 - https:\/\/yoast.com\/wordpress\/plugins\/seo\/ -->\n<title>THE FRANCIACORTA METHOD | Guido Berlucchi Franciacorta<\/title>\n<meta name=\"description\" content=\"AGEING* MINIMUM 18 MONTHS Franciacorta MINIMUM 24 MONTHS Franciacorta Ros\u00e9, Franciacorta Sat\u00e8n MINIMUM 30 MONTHS Franciacorta millesimato, Ros\u00e9\" \/>\n<meta name=\"robots\" content=\"index, follow, max-snippet:-1, max-image-preview:large, max-video-preview:-1\" \/>\n<link rel=\"canonical\" href=\"https:\/\/www.berlucchi.it\/en\/the-franciacorta-method\/\" \/>\n<meta property=\"og:locale\" content=\"en_US\" \/>\n<meta property=\"og:type\" content=\"article\" \/>\n<meta property=\"og:title\" content=\"THE FRANCIACORTA METHOD | Guido Berlucchi Franciacorta\" \/>\n<meta property=\"og:description\" content=\"AGEING* MINIMUM 18 MONTHS Franciacorta MINIMUM 24 MONTHS Franciacorta Ros\u00e9, Franciacorta Sat\u00e8n MINIMUM 30 MONTHS Franciacorta millesimato, Ros\u00e9\" \/>\n<meta property=\"og:url\" content=\"https:\/\/www.berlucchi.it\/en\/the-franciacorta-method\/\" \/>\n<meta property=\"og:site_name\" content=\"Guido Berlucchi Franciacorta\" \/>\n<meta property=\"article:publisher\" content=\"https:\/\/it-it.facebook.com\/berlucchi.global\/\" \/>\n<meta property=\"article:modified_time\" content=\"2021-06-14T10:07:13+00:00\" \/>\n<meta property=\"og:image\" content=\"https:\/\/www.berlucchi.it\/wp-content\/uploads\/2021\/05\/Ico_Flusso_Generale.svg\" \/>\n<meta name=\"twitter:card\" content=\"summary_large_image\" \/>\n<meta name=\"twitter:site\" content=\"@BerlucchiWine\" \/>\n<meta name=\"twitter:label1\" content=\"Est. reading time\" \/>\n\t<meta name=\"twitter:data1\" content=\"1 minute\" \/>\n<script type=\"application\/ld+json\" class=\"yoast-schema-graph\">{\"@context\":\"https:\/\/schema.org\",\"@graph\":[{\"@type\":\"WebPage\",\"@id\":\"https:\/\/www.berlucchi.it\/en\/the-franciacorta-method\/\",\"url\":\"https:\/\/www.berlucchi.it\/en\/the-franciacorta-method\/\",\"name\":\"THE FRANCIACORTA METHOD | Guido Berlucchi Franciacorta\",\"isPartOf\":{\"@id\":\"https:\/\/www.berlucchi.it\/en\/#website\"},\"datePublished\":\"2021-05-19T16:29:37+00:00\",\"dateModified\":\"2021-06-14T10:07:13+00:00\",\"description\":\"AGEING* MINIMUM 18 MONTHS Franciacorta MINIMUM 24 MONTHS Franciacorta Ros\u00e9, Franciacorta Sat\u00e8n MINIMUM 30 MONTHS Franciacorta millesimato, Ros\u00e9\",\"breadcrumb\":{\"@id\":\"https:\/\/www.berlucchi.it\/en\/the-franciacorta-method\/#breadcrumb\"},\"inLanguage\":\"en-US\",\"potentialAction\":[{\"@type\":\"ReadAction\",\"target\":[\"https:\/\/www.berlucchi.it\/en\/the-franciacorta-method\/\"]}]},{\"@type\":\"BreadcrumbList\",\"@id\":\"https:\/\/www.berlucchi.it\/en\/the-franciacorta-method\/#breadcrumb\",\"itemListElement\":[{\"@type\":\"ListItem\",\"position\":1,\"name\":\"Home\",\"item\":\"https:\/\/www.berlucchi.it\/en\/\"},{\"@type\":\"ListItem\",\"position\":2,\"name\":\"THE FRANCIACORTA METHOD\"}]},{\"@type\":\"WebSite\",\"@id\":\"https:\/\/www.berlucchi.it\/en\/#website\",\"url\":\"https:\/\/www.berlucchi.it\/en\/\",\"name\":\"Guido Berlucchi Franciacorta\",\"description\":\"Berlucchi, in un bicchiere la Franciacorta\",\"publisher\":{\"@id\":\"https:\/\/www.berlucchi.it\/en\/#organization\"},\"potentialAction\":[{\"@type\":\"SearchAction\",\"target\":{\"@type\":\"EntryPoint\",\"urlTemplate\":\"https:\/\/www.berlucchi.it\/en\/?s={search_term_string}\"},\"query-input\":\"required name=search_term_string\"}],\"inLanguage\":\"en-US\"},{\"@type\":\"Organization\",\"@id\":\"https:\/\/www.berlucchi.it\/en\/#organization\",\"name\":\"Berlucchi\",\"url\":\"https:\/\/www.berlucchi.it\/en\/\",\"logo\":{\"@type\":\"ImageObject\",\"inLanguage\":\"en-US\",\"@id\":\"https:\/\/www.berlucchi.it\/en\/#\/schema\/logo\/image\/\",\"url\":\"https:\/\/www.berlucchi.it\/wp-content\/uploads\/2022\/02\/logo_berlucchi.svg\",\"contentUrl\":\"https:\/\/www.berlucchi.it\/wp-content\/uploads\/2022\/02\/logo_berlucchi.svg\",\"width\":1,\"height\":1,\"caption\":\"Berlucchi\"},\"image\":{\"@id\":\"https:\/\/www.berlucchi.it\/en\/#\/schema\/logo\/image\/\"},\"sameAs\":[\"https:\/\/it-it.facebook.com\/berlucchi.global\/\",\"https:\/\/twitter.com\/BerlucchiWine\",\"https:\/\/www.instagram.com\/berlucchiwine\",\"https:\/\/www.linkedin.com\/in\/guido-berlucchi\",\"https:\/\/it.wikipedia.org\/wiki\/Berlucchi\"]}]}<\/script>\n<!-- \/ Yoast SEO plugin. -->","yoast_head_json":{"title":"THE FRANCIACORTA METHOD | Guido Berlucchi Franciacorta","description":"AGEING* MINIMUM 18 MONTHS Franciacorta MINIMUM 24 MONTHS Franciacorta Ros\u00e9, Franciacorta Sat\u00e8n MINIMUM 30 MONTHS Franciacorta millesimato, Ros\u00e9","robots":{"index":"index","follow":"follow","max-snippet":"max-snippet:-1","max-image-preview":"max-image-preview:large","max-video-preview":"max-video-preview:-1"},"canonical":"https:\/\/www.berlucchi.it\/en\/the-franciacorta-method\/","og_locale":"en_US","og_type":"article","og_title":"THE FRANCIACORTA METHOD | Guido Berlucchi Franciacorta","og_description":"AGEING* MINIMUM 18 MONTHS Franciacorta MINIMUM 24 MONTHS Franciacorta Ros\u00e9, Franciacorta Sat\u00e8n MINIMUM 30 MONTHS Franciacorta millesimato, Ros\u00e9","og_url":"https:\/\/www.berlucchi.it\/en\/the-franciacorta-method\/","og_site_name":"Guido Berlucchi Franciacorta","article_publisher":"https:\/\/it-it.facebook.com\/berlucchi.global\/","article_modified_time":"2021-06-14T10:07:13+00:00","og_image":[{"url":"https:\/\/www.berlucchi.it\/wp-content\/uploads\/2021\/05\/Ico_Flusso_Generale.svg"}],"twitter_card":"summary_large_image","twitter_site":"@BerlucchiWine","twitter_misc":{"Est. reading time":"1 minute"},"schema":{"@context":"https:\/\/schema.org","@graph":[{"@type":"WebPage","@id":"https:\/\/www.berlucchi.it\/en\/the-franciacorta-method\/","url":"https:\/\/www.berlucchi.it\/en\/the-franciacorta-method\/","name":"THE FRANCIACORTA METHOD | Guido Berlucchi Franciacorta","isPartOf":{"@id":"https:\/\/www.berlucchi.it\/en\/#website"},"datePublished":"2021-05-19T16:29:37+00:00","dateModified":"2021-06-14T10:07:13+00:00","description":"AGEING* MINIMUM 18 MONTHS Franciacorta MINIMUM 24 MONTHS Franciacorta Ros\u00e9, Franciacorta Sat\u00e8n MINIMUM 30 MONTHS Franciacorta millesimato, Ros\u00e9","breadcrumb":{"@id":"https:\/\/www.berlucchi.it\/en\/the-franciacorta-method\/#breadcrumb"},"inLanguage":"en-US","potentialAction":[{"@type":"ReadAction","target":["https:\/\/www.berlucchi.it\/en\/the-franciacorta-method\/"]}]},{"@type":"BreadcrumbList","@id":"https:\/\/www.berlucchi.it\/en\/the-franciacorta-method\/#breadcrumb","itemListElement":[{"@type":"ListItem","position":1,"name":"Home","item":"https:\/\/www.berlucchi.it\/en\/"},{"@type":"ListItem","position":2,"name":"THE FRANCIACORTA METHOD"}]},{"@type":"WebSite","@id":"https:\/\/www.berlucchi.it\/en\/#website","url":"https:\/\/www.berlucchi.it\/en\/","name":"Guido Berlucchi Franciacorta","description":"Berlucchi, in un bicchiere la Franciacorta","publisher":{"@id":"https:\/\/www.berlucchi.it\/en\/#organization"},"potentialAction":[{"@type":"SearchAction","target":{"@type":"EntryPoint","urlTemplate":"https:\/\/www.berlucchi.it\/en\/?s={search_term_string}"},"query-input":"required name=search_term_string"}],"inLanguage":"en-US"},{"@type":"Organization","@id":"https:\/\/www.berlucchi.it\/en\/#organization","name":"Berlucchi","url":"https:\/\/www.berlucchi.it\/en\/","logo":{"@type":"ImageObject","inLanguage":"en-US","@id":"https:\/\/www.berlucchi.it\/en\/#\/schema\/logo\/image\/","url":"https:\/\/www.berlucchi.it\/wp-content\/uploads\/2022\/02\/logo_berlucchi.svg","contentUrl":"https:\/\/www.berlucchi.it\/wp-content\/uploads\/2022\/02\/logo_berlucchi.svg","width":1,"height":1,"caption":"Berlucchi"},"image":{"@id":"https:\/\/www.berlucchi.it\/en\/#\/schema\/logo\/image\/"},"sameAs":["https:\/\/it-it.facebook.com\/berlucchi.global\/","https:\/\/twitter.com\/BerlucchiWine","https:\/\/www.instagram.com\/berlucchiwine","https:\/\/www.linkedin.com\/in\/guido-berlucchi","https:\/\/it.wikipedia.org\/wiki\/Berlucchi"]}]}},"_links":{"self":[{"href":"https:\/\/www.berlucchi.it\/en\/wp-json\/wp\/v2\/pages\/13212"}],"collection":[{"href":"https:\/\/www.berlucchi.it\/en\/wp-json\/wp\/v2\/pages"}],"about":[{"href":"https:\/\/www.berlucchi.it\/en\/wp-json\/wp\/v2\/types\/page"}],"author":[{"embeddable":true,"href":"https:\/\/www.berlucchi.it\/en\/wp-json\/wp\/v2\/users\/2"}],"replies":[{"embeddable":true,"href":"https:\/\/www.berlucchi.it\/en\/wp-json\/wp\/v2\/comments?post=13212"}],"version-history":[{"count":3,"href":"https:\/\/www.berlucchi.it\/en\/wp-json\/wp\/v2\/pages\/13212\/revisions"}],"predecessor-version":[{"id":13981,"href":"https:\/\/www.berlucchi.it\/en\/wp-json\/wp\/v2\/pages\/13212\/revisions\/13981"}],"wp:attachment":[{"href":"https:\/\/www.berlucchi.it\/en\/wp-json\/wp\/v2\/media?parent=13212"}],"curies":[{"name":"wp","href":"https:\/\/api.w.org\/{rel}","templated":true}]}}